{"id":267,"date":"2019-09-25T20:32:17","date_gmt":"2019-09-25T23:32:17","guid":{"rendered":"http:\/\/www.agafuc.com.br\/?page_id=267"},"modified":"2019-09-25T22:02:03","modified_gmt":"2019-09-26T01:02:03","slug":"ouvidoria","status":"publish","type":"page","link":"https:\/\/www.agafuc.com.br\/index.php\/ouvidoria\/","title":{"rendered":"OUVIDORIA"},"content":{"rendered":"<p>&nbsp;<\/p>\n<p>&nbsp;<\/p>\n<h3 style=\"text-align: center;\">OUVIDORIA<\/h3>\n<p>&nbsp;<\/p>\n<h4>\u00a0Verifique\u00a0se sua d\u00favida j\u00e1 n\u00e3o est\u00e1 respondida no &#8216;<span style=\"font-size: 0.875rem;\">Perguntas f<\/span><span style=\"font-size: 0.875rem;\">requentes&#8217;.<\/span><\/h4>\n<h3><span style=\"font-size: 0.875rem;\">Caso sua d\u00favida n\u00e3o tenha sido sanada, encaminhe um <\/span>email<span style=\"font-size: 0.875rem;\">\u00a0para:\u00a0\u00a0<\/span><a style=\"font-size: 0.875rem;\" href=\"mailto:agafuc@terra.com.br\">agafuc@terra.com.br.<\/a><\/h3>\n","protected":false},"excerpt":{"rendered":"<p>&nbsp; &nbsp; OUVIDORIA &nbsp; \u00a0Verifique\u00a0se sua d\u00favida j\u00e1 n\u00e3o est\u00e1 respondida no &#8216;Perguntas frequentes&#8217;. Caso sua d\u00favida n\u00e3o tenha sido sanada, [&#8230;]<\/p>\n","protected":false},"author":1,"featured_media":0,"parent":0,"menu_order":0,"comment_status":"closed","ping_status":"closed","template":"","meta":{"footnotes":""},"class_list":["post-267","page","type-page","status-publish","hentry"],"_links":{"self":[{"href":"https:\/\/www.agafuc.com.br\/index.php\/wp-json\/wp\/v2\/pages\/267","targetHints":{"allow":["GET"]}}],"collection":[{"href":"https:\/\/www.agafuc.com.br\/index.php\/wp-json\/wp\/v2\/pages"}],"about":[{"href":"https:\/\/www.agafuc.com.br\/index.php\/wp-json\/wp\/v2\/types\/page"}],"author":[{"embeddable":true,"href":"https:\/\/www.agafuc.com.br\/index.php\/wp-json\/wp\/v2\/users\/1"}],"replies":[{"embeddable":true,"href":"https:\/\/www.agafuc.com.br\/index.php\/wp-json\/wp\/v2\/comments?post=267"}],"version-history":[{"count":2,"href":"https:\/\/www.agafuc.com.br\/index.php\/wp-json\/wp\/v2\/pages\/267\/revisions"}],"predecessor-version":[{"id":297,"href":"https:\/\/www.agafuc.com.br\/index.php\/wp-json\/wp\/v2\/pages\/267\/revisions\/297"}],"wp:attachment":[{"href":"https:\/\/www.agafuc.com.br\/index.php\/wp-json\/wp\/v2\/media?parent=267"}],"curies":[{"name":"wp","href":"https:\/\/api.w.org\/{rel}","templated":true}]}}