{"id":261,"date":"2019-09-25T19:36:26","date_gmt":"2019-09-25T22:36:26","guid":{"rendered":"http:\/\/www.agafuc.com.br\/?page_id=261"},"modified":"2021-11-24T10:04:52","modified_gmt":"2021-11-24T13:04:52","slug":"perguntas-frequentes","status":"publish","type":"page","link":"https:\/\/www.agafuc.com.br\/index.php\/perguntas-frequentes\/","title":{"rendered":"PERGUNTAS FREQUENTES"},"content":{"rendered":"<p style=\"text-align: center;\"><img decoding=\"async\" class=\"alignnone  wp-image-623\" src=\"https:\/\/www.agafuc.com.br\/wp-content\/uploads\/2021\/11\/cropped-c430d68f-e788-4c0f-87fe-041d2f2fd4f8-282x300.jpg\" alt=\"\" width=\"164\" height=\"174\" \/><\/p>\n<p>&nbsp;<\/p>\n<h4><strong>P: Como fa\u00e7o para fazer parte da equipe?<\/strong><\/h4>\n<h5><span style=\"color: #00ff00;\">R: Necessita ser cego total (B1) , n\u00e3o importa a idade.<\/span><\/h5>\n<p>&nbsp;<\/p>\n<h4><strong>P: Onde a equipe treina?<\/strong><\/h4>\n<h5><span style=\"color: #00ff00;\">R: Rua engenheiro rebou\u00e7as n\u00ba 1000 &#8211; bairro S\u00e3o Luiz &#8211; canoas\/rs<\/span><\/h5>\n<p>&nbsp;<\/p>\n<h4><strong>P: A Quadra necessita de adapta\u00e7\u00e3o?<\/strong><\/h4>\n<h5><span style=\"color: #00ff00;\">R: Sim, a principal adapta\u00e7\u00e3o s\u00e3o as &#8220;bandas laterais&#8221; para que a bola n\u00e3o sai nas laterais.\u00a0<\/span><\/h5>\n<p>&nbsp;<\/p>\n<h4><strong>P: O goleiro do futebol de 5 tamb\u00e9m \u00e9 cego?<\/strong><\/h4>\n<h5><span style=\"color: #00ff00;\">R: N\u00e3o, O goleiro tem a vis\u00e3o normal, na regra ele tem uma \u00e1rea limitada para atuar.<\/span><\/h5>\n<p>&nbsp;<\/p>\n<h4><strong>P: Onde encontro as regras do futebol de 5?<\/strong><\/h4>\n<h5><span style=\"color: #00ff00;\">R:\u00a0<a style=\"color: #00ff00;\" href=\"http:\/\/www.ibsasport.org\/sports\/football\/rules\/\">http:\/\/www.ibsasport.org\/sports\/football\/rules\/<\/a><\/span><\/h5>\n","protected":false},"excerpt":{"rendered":"<p>&nbsp; P: Como fa\u00e7o para fazer parte da equipe? R: Necessita ser cego total (B1) , n\u00e3o importa a idade. &nbsp; [&#8230;]<\/p>\n","protected":false},"author":1,"featured_media":0,"parent":0,"menu_order":0,"comment_status":"closed","ping_status":"closed","template":"","meta":{"footnotes":""},"class_list":["post-261","page","type-page","status-publish","hentry"],"_links":{"self":[{"href":"https:\/\/www.agafuc.com.br\/index.php\/wp-json\/wp\/v2\/pages\/261","targetHints":{"allow":["GET"]}}],"collection":[{"href":"https:\/\/www.agafuc.com.br\/index.php\/wp-json\/wp\/v2\/pages"}],"about":[{"href":"https:\/\/www.agafuc.com.br\/index.php\/wp-json\/wp\/v2\/types\/page"}],"author":[{"embeddable":true,"href":"https:\/\/www.agafuc.com.br\/index.php\/wp-json\/wp\/v2\/users\/1"}],"replies":[{"embeddable":true,"href":"https:\/\/www.agafuc.com.br\/index.php\/wp-json\/wp\/v2\/comments?post=261"}],"version-history":[{"count":5,"href":"https:\/\/www.agafuc.com.br\/index.php\/wp-json\/wp\/v2\/pages\/261\/revisions"}],"predecessor-version":[{"id":638,"href":"https:\/\/www.agafuc.com.br\/index.php\/wp-json\/wp\/v2\/pages\/261\/revisions\/638"}],"wp:attachment":[{"href":"https:\/\/www.agafuc.com.br\/index.php\/wp-json\/wp\/v2\/media?parent=261"}],"curies":[{"name":"wp","href":"https:\/\/api.w.org\/{rel}","templated":true}]}}