{"id":184,"date":"2019-01-31T14:03:23","date_gmt":"2019-01-31T16:03:23","guid":{"rendered":"http:\/\/www.agafuc.com.br\/?page_id=184"},"modified":"2025-10-10T13:52:01","modified_gmt":"2025-10-10T16:52:01","slug":"transparencia","status":"publish","type":"page","link":"https:\/\/www.agafuc.com.br\/index.php\/transparencia\/","title":{"rendered":"TRANSPAR\u00caNCIA"},"content":{"rendered":"<h3 style=\"text-align: center;\"><a href=\"https:\/\/www.agafuc.com.br\/wp-content\/uploads\/2019\/01\/Logo-AGAFUC.jpg\"><img decoding=\"async\" class=\"alignnone size-full wp-image-779\" src=\"https:\/\/www.agafuc.com.br\/wp-content\/uploads\/2023\/10\/cropped-cropped-logo_AGAFUC-novo_page-0001-1-e1698714998834.jpg\" alt=\"\" width=\"190\" height=\"180\" \/><\/a><\/h3>\n<h3 style=\"text-align: left;\"><\/h3>\n<ul>\n<li><a href=\"https:\/\/www.agafuc.com.br\/wp-content\/uploads\/2025\/09\/Ata-aprovacao-das-contas-2024.pdf\">Ata aprova\u00e7\u00e3o das contas 2024<\/a><\/li>\n<li><a href=\"https:\/\/www.agafuc.com.br\/wp-content\/uploads\/2025\/09\/Balanco-Patromonial-2023.pdf\">Balan\u00e7o Patromonial 2023<\/a><\/li>\n<li><a href=\"https:\/\/www.agafuc.com.br\/wp-content\/uploads\/2025\/09\/DRE-2024.pdf\">DRE 2024<\/a><\/li>\n<li><a href=\"https:\/\/www.agafuc.com.br\/wp-content\/uploads\/2025\/09\/DRE-2023.pdf\">DRE 2023<\/a><\/li>\n<li><a href=\"https:\/\/www.agafuc.com.br\/wp-content\/uploads\/2025\/09\/Balanco-Patromonial-2024.pdf\">Balan\u00e7o Patromonial 2024<\/a><\/li>\n<li><a href=\"https:\/\/www.agafuc.com.br\/wp-content\/uploads\/2025\/09\/Ata-Parecer-Conselho-Fiscal-2024.pdf\">Ata Parecer Conselho Fiscal 2024<\/a><\/li>\n<li><a href=\"https:\/\/www.agafuc.com.br\/wp-content\/uploads\/2025\/09\/Estatuto-atualizado.pdf\">Estatuto atualizado<\/a><\/li>\n<li><a href=\"https:\/\/www.agafuc.com.br\/wp-content\/uploads\/2025\/09\/Ata-Gestao-2025-2029.pdf\">Ata Gest\u00e3o 2025 &#8211; 2029<\/a><\/li>\n<li><a href=\"https:\/\/www.agafuc.com.br\/wp-content\/uploads\/2025\/09\/SEI_MC-16138047-Termo-de-Compromisso.pdf\">SEI_MC &#8211; 16138047 &#8211; Termo de Compromisso<\/a><\/li>\n<li><a href=\"https:\/\/www.agafuc.com.br\/wp-content\/uploads\/2025\/09\/SEI_MC-14473899-Termo-de-Compromisso.pdf\">SEI_MC &#8211; 14473899 &#8211; Termo de Compromisso<\/a><\/li>\n<li><a href=\"https:\/\/www.agafuc.com.br\/wp-content\/uploads\/2025\/10\/1-Plano_de_Trabalho_-_AGAFUC_assinado.pdf\">Plano_de_Trabalho_-_AGAFUC_assinado<\/a><\/li>\n<li><a href=\"https:\/\/www.agafuc.com.br\/wp-content\/uploads\/2025\/10\/8-Pagamentos.pdf\">Pagamentos<\/a><\/li>\n<li><a href=\"https:\/\/www.agafuc.com.br\/wp-content\/uploads\/2025\/10\/Relatorio_AGAFUC_2024_.pdf\">Relatorio_AGAFUC_2024_<\/a><\/li>\n<li><a href=\"https:\/\/www.agafuc.com.br\/wp-content\/uploads\/2025\/10\/Projeto-Padrao-ME-Olhar-no-presente-Visao-de-Futuro-ANO-VII.pdf\">Projeto Padrao ME &#8211; Olhar no presente, Vis\u00e3o de Futuro &#8211; ANO VII<\/a><\/li>\n<li><a href=\"https:\/\/www.agafuc.com.br\/wp-content\/uploads\/2025\/10\/Padrao-ME-Projeto-Olhar-no-presente-visao-de-futuro-ANO-VI.pdf\">Padr\u00e3o ME &#8211; Projeto Olhar no presente, vis\u00e3o de futuro ANO VI<\/a><\/li>\n<li><a href=\"https:\/\/www.agafuc.com.br\/wp-content\/uploads\/2025\/10\/Padrao-ME-Olhar-no-presente-Visao-de-Futuro-ANO-VIII.pdf\">Padr\u00e3o ME &#8211; Olhar no presente, Vis\u00e3o de Futuro &#8211; ANO VIII<\/a><\/li>\n<li><a href=\"https:\/\/www.agafuc.com.br\/wp-content\/uploads\/2025\/10\/Relatorio_Financeiro_2024.pdf\">Relatorio_Financeiro_2024<\/a><\/li>\n<li><a href=\"https:\/\/www.agafuc.com.br\/wp-content\/uploads\/2025\/10\/Organograma.pdf\">Organograma<\/a><\/li>\n<\/ul>\n<p>&nbsp;<\/p>\n<ul>\n<li><a href=\"https:\/\/www.agafuc.com.br\/wp-content\/uploads\/2022\/06\/Atas-de-assembleias.pdf\">Atas de assembleias<\/a><\/li>\n<li><a href=\"https:\/\/www.agafuc.com.br\/wp-content\/uploads\/2024\/08\/Relatorio-AGAFUC-2023.pdf\">Relat\u00f3rio AGAFUC 2023<\/a><\/li>\n<li><a href=\"https:\/\/www.agafuc.com.br\/wp-content\/uploads\/2024\/08\/Relatorio-Gestao-Financeira-2022.23.pdf\">Relat\u00f3rio Gest\u00e3o Financeira 2022.23<\/a><\/li>\n<li><a href=\"https:\/\/www.agafuc.com.br\/wp-content\/uploads\/2024\/08\/Ata-Diretoria-2021-2024.pdf\">Ata Diretoria 2021-2024<\/a><\/li>\n<li><a href=\"https:\/\/www.agafuc.com.br\/wp-content\/uploads\/2024\/08\/Balanco-Patromonial.pdf\">Balan\u00e7o Patromonial<\/a><\/li>\n<li><a href=\"https:\/\/www.agafuc.com.br\/wp-content\/uploads\/2024\/08\/DRE-2023.pdf\">DRE 2023<\/a><\/li>\n<li><a href=\"https:\/\/www.agafuc.com.br\/wp-content\/uploads\/2024\/08\/Ata-Assembleia-aprovacao-contas-2023.pdf\">Ata Assembleia aprova\u00e7\u00e3o contas 2023<\/a><\/li>\n<li><a href=\"https:\/\/www.agafuc.com.br\/wp-content\/uploads\/2024\/08\/Ata-Conselho-Fiscal-2023.pdf\">Ata Conselho Fiscal 2023<\/a><\/li>\n<li><a href=\"https:\/\/www.agafuc.com.br\/wp-content\/uploads\/2024\/08\/Ata-Assembleia-aprovacao-contas-2022.pdf\">Ata Assembleia aprova\u00e7\u00e3o contas 2022<\/a><\/li>\n<li><a href=\"https:\/\/www.agafuc.com.br\/wp-content\/uploads\/2024\/08\/Ata-eleitoral-2015.pdf\">Ata eleitoral 2015<\/a> <a href=\"https:\/\/www.agafuc.com.br\/wp-content\/uploads\/2024\/08\/Parecer-do-Conselho-Fiscal-2022.pdf\">Parecer do Conselho Fiscal 2022<\/a><\/li>\n<li><a href=\"https:\/\/www.agafuc.com.br\/wp-content\/uploads\/2024\/08\/Balanco-Patrimonial-2022.pdf\">Balan\u00e7o Patrimonial 2022<\/a><\/li>\n<li><a href=\"https:\/\/www.agafuc.com.br\/wp-content\/uploads\/2024\/08\/DRE-2022.pdf\">DRE 2022<\/a><\/li>\n<li><a href=\"https:\/\/www.agafuc.com.br\/wp-content\/uploads\/2024\/08\/Relatorios-orcamentario-de-2023.pdf\">Relat\u00f3rios or\u00e7ament\u00e1rio de 2023<\/a><\/li>\n<\/ul>\n<p>&nbsp;<\/p>\n","protected":false},"excerpt":{"rendered":"<p>Ata aprova\u00e7\u00e3o das contas 2024 Balan\u00e7o Patromonial 2023 DRE 2024 DRE 2023 Balan\u00e7o Patromonial 2024 Ata Parecer Conselho Fiscal 2024 Estatuto [&#8230;]<\/p>\n","protected":false},"author":1,"featured_media":0,"parent":0,"menu_order":0,"comment_status":"closed","ping_status":"closed","template":"","meta":{"footnotes":""},"class_list":["post-184","page","type-page","status-publish","hentry"],"_links":{"self":[{"href":"https:\/\/www.agafuc.com.br\/index.php\/wp-json\/wp\/v2\/pages\/184","targetHints":{"allow":["GET"]}}],"collection":[{"href":"https:\/\/www.agafuc.com.br\/index.php\/wp-json\/wp\/v2\/pages"}],"about":[{"href":"https:\/\/www.agafuc.com.br\/index.php\/wp-json\/wp\/v2\/types\/page"}],"author":[{"embeddable":true,"href":"https:\/\/www.agafuc.com.br\/index.php\/wp-json\/wp\/v2\/users\/1"}],"replies":[{"embeddable":true,"href":"https:\/\/www.agafuc.com.br\/index.php\/wp-json\/wp\/v2\/comments?post=184"}],"version-history":[{"count":42,"href":"https:\/\/www.agafuc.com.br\/index.php\/wp-json\/wp\/v2\/pages\/184\/revisions"}],"predecessor-version":[{"id":1058,"href":"https:\/\/www.agafuc.com.br\/index.php\/wp-json\/wp\/v2\/pages\/184\/revisions\/1058"}],"wp:attachment":[{"href":"https:\/\/www.agafuc.com.br\/index.php\/wp-json\/wp\/v2\/media?parent=184"}],"curies":[{"name":"wp","href":"https:\/\/api.w.org\/{rel}","templated":true}]}}