{"id":17,"date":"2019-01-16T11:48:07","date_gmt":"2019-01-16T13:48:07","guid":{"rendered":"http:\/\/www.agafuc.com.br\/?page_id=17"},"modified":"2025-08-24T20:02:15","modified_gmt":"2025-08-24T23:02:15","slug":"quem-somos","status":"publish","type":"page","link":"https:\/\/www.agafuc.com.br\/index.php\/quem-somos\/","title":{"rendered":"Quem Somos"},"content":{"rendered":"<p style=\"text-align: center;\"><span style=\"color: #99cc00;\"><strong> <img decoding=\"async\" class=\"alignnone size-full wp-image-780\" src=\"https:\/\/www.agafuc.com.br\/wp-content\/uploads\/2023\/10\/cropped-cropped-cropped-logo_AGAFUC-novo_page-0001-1-e1698714998834.jpg\" alt=\"\" width=\"190\" height=\"180\" \/><\/strong><\/span><\/p>\n<p>&nbsp;<\/p>\n<p style=\"text-align: center;\"><span style=\"color: #99cc00;\"><strong>ASSOCIA\u00c7\u00c3O GA\u00daCHA DE FUTSAL PARA CEGOS (AGAFUC)\u00a0 \u00a0 \u00a0 \u00a0 \u00a0 \u00a0 \u00a0 \u00a0 \u00a0 \u00a0 <\/strong><\/span><\/p>\n<h6 style=\"padding-left: 30px;\"><em><strong><span style=\"color: #000000;\"> Associa\u00e7\u00e3o ga\u00facha de futebol para cegos (AGAFUC), fundada em novembro de 2010 com a proposta\u00a0qualificar e profissionalizar o processo de Gest\u00e3o do Futebol de Cinco (Futsal para cegos) com foco no\u00a0esporte de rendimento, promo\u00e7\u00e3o e divulga\u00e7\u00e3o deste esporte junto \u00e0s demais Entidades de Apoio aos Cegos e Portadores de defici\u00eancias visuais.<\/span><\/strong><\/em><\/h6>\n<h6 style=\"padding-left: 30px;\"><em><strong><span style=\"color: #000000;\">As Entidades existentes hoje est\u00e3o totalmente envolvidas em trabalhos com objetivo de apoio aos seus filiados no sentido de orienta\u00e7\u00e3o profissional, treinamentos e capacita\u00e7\u00e3o para o mercado de trabalho al\u00e9m de\u00a0encaminhamento e orienta\u00e7\u00e3o para servi\u00e7os m\u00e9dicos, orienta\u00e7\u00e3o psicol\u00f3gica, credenciamento de passe livre para o transporte, em diversas outras atividades de prioridade social que envolve estas associa\u00e7\u00f5es.<\/span><\/strong><\/em><\/h6>\n<h6 style=\"padding-left: 30px;\"><em><strong><span style=\"color: #000000;\">Neste sentido, surgiu a proposta de um trabalho que visa apoiar o Futebol de Cinco (Futsal para cegos) a ter um gerenciamento em separado focado para organizar a capta\u00e7\u00e3o de recursos e patroc\u00ednios para o desenvolvimento\u00a0deste esporte Paral\u00edmpico em nosso Estado.\u00a0<\/span><\/strong><\/em><\/h6>\n<h6 style=\"padding-left: 30px;\"><em><strong><span style=\"color: #000000;\">A associa\u00e7\u00e3o ga\u00facha de futsal para cegos (AGAFUC), busca fomentar, incentivar, ajudar nas organiza\u00e7\u00f5es de competi\u00e7\u00f5es estaduais, regionais e tamb\u00e9m promover a divulga\u00e7\u00e3o da pr\u00e1tica de Esportes\u00a0para Cegos, principalmente Futebol de Cinco (Futsal para cegos) em todo nosso Estado.<\/span><\/strong><\/em><\/h6>\n","protected":false},"excerpt":{"rendered":"<p>&nbsp; ASSOCIA\u00c7\u00c3O GA\u00daCHA DE FUTSAL PARA CEGOS (AGAFUC)\u00a0 \u00a0 \u00a0 \u00a0 \u00a0 \u00a0 \u00a0 \u00a0 \u00a0 \u00a0 Associa\u00e7\u00e3o ga\u00facha de futebol [&#8230;]<\/p>\n","protected":false},"author":1,"featured_media":0,"parent":0,"menu_order":0,"comment_status":"closed","ping_status":"closed","template":"","meta":{"footnotes":""},"class_list":["post-17","page","type-page","status-publish","hentry"],"_links":{"self":[{"href":"https:\/\/www.agafuc.com.br\/index.php\/wp-json\/wp\/v2\/pages\/17","targetHints":{"allow":["GET"]}}],"collection":[{"href":"https:\/\/www.agafuc.com.br\/index.php\/wp-json\/wp\/v2\/pages"}],"about":[{"href":"https:\/\/www.agafuc.com.br\/index.php\/wp-json\/wp\/v2\/types\/page"}],"author":[{"embeddable":true,"href":"https:\/\/www.agafuc.com.br\/index.php\/wp-json\/wp\/v2\/users\/1"}],"replies":[{"embeddable":true,"href":"https:\/\/www.agafuc.com.br\/index.php\/wp-json\/wp\/v2\/comments?post=17"}],"version-history":[{"count":8,"href":"https:\/\/www.agafuc.com.br\/index.php\/wp-json\/wp\/v2\/pages\/17\/revisions"}],"predecessor-version":[{"id":990,"href":"https:\/\/www.agafuc.com.br\/index.php\/wp-json\/wp\/v2\/pages\/17\/revisions\/990"}],"wp:attachment":[{"href":"https:\/\/www.agafuc.com.br\/index.php\/wp-json\/wp\/v2\/media?parent=17"}],"curies":[{"name":"wp","href":"https:\/\/api.w.org\/{rel}","templated":true}]}}